{"id":14,"date":"2015-11-04T14:48:36","date_gmt":"2015-11-04T13:48:36","guid":{"rendered":"https:\/\/aux2cheveuxblog.wordpress.com\/?page_id=14"},"modified":"2016-11-22T17:58:11","modified_gmt":"2016-11-22T16:58:11","slug":"lissage","status":"publish","type":"page","link":"https:\/\/www.aux2cheveux.fr\/index.php\/lissage\/","title":{"rendered":"Lissages"},"content":{"rendered":"<div class=\"wa-comp wa-text wa-bg-gradient param[grad(rgba(0,0,0,0)) border(0 #969696)] \">\n<div class=\"waCSStext3crty829ng50yf\">\n<h2 align=\"left\"><span style=\"color: #ff0000;\">Soucieux d&rsquo;offrir la meilleure qualit\u00e9 \u00e0 notre client\u00e8le, notre salon vous propose 2 techniques de lissage : br\u00e9silien et cor\u00e9en<br \/>\n<\/span><\/h2>\n<h4><span style=\"color: #800080;\"> <strong>Le lissage br\u00e9silien <\/strong><\/span>permet de lisser le cheveu tout en le nourrissant.<\/h4>\n<p>Le produit est essentiellement compos\u00e9 de k\u00e9ratine de cachemire, substance naturelle pr\u00e9sente \u00e0 95% dans le cheveu.<\/p>\n<p>Le produit comble le manque de k\u00e9ratine occasionn\u00e9 par le temps et les techniques chimiques, ce qui rend les cheveux plus forts, plus doux, plus brillants,<\/p>\n<p>Le lissage br\u00e9silien et un produit sans chimie le cheveu retrouve son mouvement naturel au bout de 4 mois<\/p>\n<p>Il a pour but facilite le lissage des cheveux avec un apport de chaleur.<\/p>\n<\/div>\n<p><span style=\"color: #800080;\"><strong><span style=\"color: #000000;\">\u00a0<\/span><\/strong><\/span><\/p>\n<hr \/>\n<div class=\"waCSStext3crty829ng50yf\">\n<h4><span style=\"color: #800080;\"><strong> Le lissage cor\u00e9en<\/strong><\/span> est un lissage permanent le cheveu lisse ne sera plus jamais fris\u00e9.<\/h4>\n<p>C\u2019est un proc\u00e9d\u00e9 chimique le cheveu est lisse, sortie de douche sans s\u00e9chage. Le lissage cor\u00e9en ne sensibilise pas le cheveu car au court du lissage on apporte un produit de soins<\/p>\n<p>Ainsi les cheveux sont non seulement lisses et soyeux mais aussi r\u00e9par\u00e9s de l\u2019int\u00e9rieur.<\/p>\n<p>Le lissage permanent requiert de 3 \u00e0 6 heures de travail en fonction des caract\u00e9ristiques de vos cheveux (densit\u00e9, longueur, traitements ant\u00e9rieurs\u2026) Cette technique comporte plusieurs \u00e9tapes, ce service requiert un diagnostic pr\u00e9alable que nous r\u00e9alisons gratuitement lors de votre venue au salon<strong>.\u00a0<\/strong><span style=\"color: #000000;\"><br \/>\n<\/span><\/p>\n<hr \/>\n<div id='gallery-1' class='gallery galleryid-14 gallery-columns-5 gallery-size-medium'><figure class='gallery-item'>\n\t\t\t<div class='gallery-icon portrait'>\n\t\t\t\t<a href='https:\/\/www.aux2cheveux.fr\/index.php\/lissage\/galerie5\/'><img loading=\"lazy\" decoding=\"async\" width=\"744\" height=\"900\" src=\"https:\/\/www.aux2cheveux.fr\/wp-content\/uploads\/galerie5-744x900.jpg\" class=\"attachment-medium size-medium\" alt=\"\" srcset=\"https:\/\/www.aux2cheveux.fr\/wp-content\/uploads\/galerie5-744x900.jpg 744w, https:\/\/www.aux2cheveux.fr\/wp-content\/uploads\/galerie5-420x508.jpg 420w, https:\/\/www.aux2cheveux.fr\/wp-content\/uploads\/galerie5-41x50.jpg 41w, https:\/\/www.aux2cheveux.fr\/wp-content\/uploads\/galerie5-e1543489191752.jpg 500w\" sizes=\"auto, (max-width: 744px) 100vw, 744px\" \/><\/a>\n\t\t\t<\/div><\/figure><figure class='gallery-item'>\n\t\t\t<div class='gallery-icon portrait'>\n\t\t\t\t<a href='https:\/\/www.aux2cheveux.fr\/index.php\/lissage\/galerie4\/'><img loading=\"lazy\" decoding=\"async\" width=\"744\" height=\"900\" src=\"https:\/\/www.aux2cheveux.fr\/wp-content\/uploads\/galerie4-744x900.jpg\" class=\"attachment-medium size-medium\" alt=\"\" srcset=\"https:\/\/www.aux2cheveux.fr\/wp-content\/uploads\/galerie4-744x900.jpg 744w, https:\/\/www.aux2cheveux.fr\/wp-content\/uploads\/galerie4-420x508.jpg 420w, https:\/\/www.aux2cheveux.fr\/wp-content\/uploads\/galerie4-41x50.jpg 41w, https:\/\/www.aux2cheveux.fr\/wp-content\/uploads\/galerie4.jpg 750w\" sizes=\"auto, (max-width: 744px) 100vw, 744px\" \/><\/a>\n\t\t\t<\/div><\/figure><figure class='gallery-item'>\n\t\t\t<div class='gallery-icon portrait'>\n\t\t\t\t<a href='https:\/\/www.aux2cheveux.fr\/index.php\/lissage\/galerie3\/'><img loading=\"lazy\" decoding=\"async\" width=\"744\" height=\"900\" src=\"https:\/\/www.aux2cheveux.fr\/wp-content\/uploads\/galerie3-744x900.jpg\" class=\"attachment-medium size-medium\" alt=\"\" srcset=\"https:\/\/www.aux2cheveux.fr\/wp-content\/uploads\/galerie3-744x900.jpg 744w, https:\/\/www.aux2cheveux.fr\/wp-content\/uploads\/galerie3-420x508.jpg 420w, https:\/\/www.aux2cheveux.fr\/wp-content\/uploads\/galerie3-41x50.jpg 41w, https:\/\/www.aux2cheveux.fr\/wp-content\/uploads\/galerie3-e1543489200841.jpg 500w\" sizes=\"auto, (max-width: 744px) 100vw, 744px\" \/><\/a>\n\t\t\t<\/div><\/figure><figure class='gallery-item'>\n\t\t\t<div class='gallery-icon portrait'>\n\t\t\t\t<a href='https:\/\/www.aux2cheveux.fr\/index.php\/lissage\/galerie2\/'><img loading=\"lazy\" decoding=\"async\" width=\"744\" height=\"900\" src=\"https:\/\/www.aux2cheveux.fr\/wp-content\/uploads\/galerie2-744x900.jpg\" class=\"attachment-medium size-medium\" alt=\"\" srcset=\"https:\/\/www.aux2cheveux.fr\/wp-content\/uploads\/galerie2-744x900.jpg 744w, https:\/\/www.aux2cheveux.fr\/wp-content\/uploads\/galerie2-420x508.jpg 420w, https:\/\/www.aux2cheveux.fr\/wp-content\/uploads\/galerie2-41x50.jpg 41w, https:\/\/www.aux2cheveux.fr\/wp-content\/uploads\/galerie2.jpg 750w\" sizes=\"auto, (max-width: 744px) 100vw, 744px\" \/><\/a>\n\t\t\t<\/div><\/figure><figure class='gallery-item'>\n\t\t\t<div class='gallery-icon portrait'>\n\t\t\t\t<a href='https:\/\/www.aux2cheveux.fr\/index.php\/lissage\/galerie1\/'><img loading=\"lazy\" decoding=\"async\" width=\"744\" height=\"900\" src=\"https:\/\/www.aux2cheveux.fr\/wp-content\/uploads\/galerie1-744x900.jpg\" class=\"attachment-medium size-medium\" alt=\"\" srcset=\"https:\/\/www.aux2cheveux.fr\/wp-content\/uploads\/galerie1-744x900.jpg 744w, https:\/\/www.aux2cheveux.fr\/wp-content\/uploads\/galerie1-420x508.jpg 420w, https:\/\/www.aux2cheveux.fr\/wp-content\/uploads\/galerie1-41x50.jpg 41w, https:\/\/www.aux2cheveux.fr\/wp-content\/uploads\/galerie1.jpg 750w\" sizes=\"auto, (max-width: 744px) 100vw, 744px\" \/><\/a>\n\t\t\t<\/div><\/figure>\n\t\t<\/div>\n\n<\/div>\n<\/div>\n","protected":false},"excerpt":{"rendered":"<p>Soucieux d&rsquo;offrir la meilleure qualit\u00e9 \u00e0 notre client\u00e8le, notre salon vous propose 2 techniques de lissage : br\u00e9silien et cor\u00e9en Le lissage br\u00e9silien permet de lisser le cheveu tout en le nourrissant. Le produit est essentiellement compos\u00e9 de k\u00e9ratine de cachemire, substance naturelle pr\u00e9sente \u00e0 95% dans le cheveu. Le produit comble le manque de [&hellip;]<\/p>\n","protected":false},"author":1,"featured_media":523,"parent":0,"menu_order":0,"comment_status":"closed","ping_status":"closed","template":"","meta":{"footnotes":""},"class_list":["post-14","page","type-page","status-publish","has-post-thumbnail","hentry"],"_links":{"self":[{"href":"https:\/\/www.aux2cheveux.fr\/index.php\/wp-json\/wp\/v2\/pages\/14","targetHints":{"allow":["GET"]}}],"collection":[{"href":"https:\/\/www.aux2cheveux.fr\/index.php\/wp-json\/wp\/v2\/pages"}],"about":[{"href":"https:\/\/www.aux2cheveux.fr\/index.php\/wp-json\/wp\/v2\/types\/page"}],"author":[{"embeddable":true,"href":"https:\/\/www.aux2cheveux.fr\/index.php\/wp-json\/wp\/v2\/users\/1"}],"replies":[{"embeddable":true,"href":"https:\/\/www.aux2cheveux.fr\/index.php\/wp-json\/wp\/v2\/comments?post=14"}],"version-history":[{"count":12,"href":"https:\/\/www.aux2cheveux.fr\/index.php\/wp-json\/wp\/v2\/pages\/14\/revisions"}],"predecessor-version":[{"id":524,"href":"https:\/\/www.aux2cheveux.fr\/index.php\/wp-json\/wp\/v2\/pages\/14\/revisions\/524"}],"wp:featuredmedia":[{"embeddable":true,"href":"https:\/\/www.aux2cheveux.fr\/index.php\/wp-json\/wp\/v2\/media\/523"}],"wp:attachment":[{"href":"https:\/\/www.aux2cheveux.fr\/index.php\/wp-json\/wp\/v2\/media?parent=14"}],"curies":[{"name":"wp","href":"https:\/\/api.w.org\/{rel}","templated":true}]}}