{"id":134,"date":"2016-08-02T09:11:45","date_gmt":"2016-08-02T08:11:45","guid":{"rendered":"https:\/\/www.aux2cheveux.fr\/blog\/?page_id=134"},"modified":"2016-10-06T15:45:42","modified_gmt":"2016-10-06T14:45:42","slug":"134-2","status":"publish","type":"page","link":"https:\/\/www.aux2cheveux.fr\/index.php\/134-2\/","title":{"rendered":"Soins"},"content":{"rendered":"<p>Nous d\u00e9veloppons une gamme de soins adapt\u00e9s \u00e0 tous types de cheveux<\/p>\n<p>Le soin au henn\u00e9<\/p>\n<p>Le soin system professionnel<\/p>\n<p>Le soin \u00e0 la k\u00e9ratine et acide hyaluronique<\/p>\n<p>Le soin expert ultra personnalisable by system<\/p>\n<p>&nbsp;<\/p>\n","protected":false},"excerpt":{"rendered":"<p>Nous d\u00e9veloppons une gamme de soins adapt\u00e9s \u00e0 tous types de cheveux Le soin au henn\u00e9 Le soin system professionnel Le soin \u00e0 la k\u00e9ratine et acide hyaluronique Le soin expert ultra personnalisable by system &nbsp;<\/p>\n","protected":false},"author":1,"featured_media":0,"parent":0,"menu_order":0,"comment_status":"closed","ping_status":"closed","template":"","meta":{"footnotes":""},"class_list":["post-134","page","type-page","status-publish","hentry"],"_links":{"self":[{"href":"https:\/\/www.aux2cheveux.fr\/index.php\/wp-json\/wp\/v2\/pages\/134","targetHints":{"allow":["GET"]}}],"collection":[{"href":"https:\/\/www.aux2cheveux.fr\/index.php\/wp-json\/wp\/v2\/pages"}],"about":[{"href":"https:\/\/www.aux2cheveux.fr\/index.php\/wp-json\/wp\/v2\/types\/page"}],"author":[{"embeddable":true,"href":"https:\/\/www.aux2cheveux.fr\/index.php\/wp-json\/wp\/v2\/users\/1"}],"replies":[{"embeddable":true,"href":"https:\/\/www.aux2cheveux.fr\/index.php\/wp-json\/wp\/v2\/comments?post=134"}],"version-history":[{"count":4,"href":"https:\/\/www.aux2cheveux.fr\/index.php\/wp-json\/wp\/v2\/pages\/134\/revisions"}],"predecessor-version":[{"id":209,"href":"https:\/\/www.aux2cheveux.fr\/index.php\/wp-json\/wp\/v2\/pages\/134\/revisions\/209"}],"wp:attachment":[{"href":"https:\/\/www.aux2cheveux.fr\/index.php\/wp-json\/wp\/v2\/media?parent=134"}],"curies":[{"name":"wp","href":"https:\/\/api.w.org\/{rel}","templated":true}]}}